{"id":44,"date":"2023-07-20T17:06:25","date_gmt":"2023-07-20T15:06:25","guid":{"rendered":"https:\/\/lavage-auto13.fr\/?page_id=44"},"modified":"2025-12-01T16:04:59","modified_gmt":"2025-12-01T15:04:59","slug":"accueil","status":"publish","type":"page","link":"https:\/\/lavage-auto13.fr\/","title":{"rendered":"Nettoyage int\u00e9rieur de votre v\u00e9hicule"},"content":{"rendered":"\n<h4 class=\"wp-block-heading has-text-align-center\"><strong>A domicile ou sur votre lieu de travail<\/strong> &#8211; <span style=\"text-decoration: underline;\">Un travail de Pro !<\/span><\/h4>\n\n\n\n<p><\/p>\n\n\n\n<h5 class=\"wp-block-heading has-text-align-center has-ast-global-color-5-color has-ast-global-color-7-background-color has-text-color has-background has-link-color wp-elements-e218edf0d9ee225461d048f5b310eb02\"><em><strong>Pour particuliers et professionnels<\/strong><\/em> avec plus de 2 ans d&rsquo;exp\u00e9rience !<\/h5>\n\n\n\n<figure class=\"wp-block-gallery alignfull has-nested-images columns-default is-cropped wp-block-gallery-1 is-layout-flex wp-block-gallery-is-layout-flex\">\n<figure class=\"wp-block-image size-full\"><img loading=\"lazy\" decoding=\"async\" width=\"650\" height=\"325\" data-id=\"34\" src=\"https:\/\/lavage-auto13.fr\/wp-content\/uploads\/2023\/07\/nettoyer-plastique-voiture-071817-1.jpg\" alt=\"\" class=\"wp-image-34\" srcset=\"https:\/\/lavage-auto13.fr\/wp-content\/uploads\/2023\/07\/nettoyer-plastique-voiture-071817-1.jpg 650w, https:\/\/lavage-auto13.fr\/wp-content\/uploads\/2023\/07\/nettoyer-plastique-voiture-071817-1-300x150.jpg 300w\" sizes=\"auto, (max-width: 650px) 100vw, 650px\" \/><\/figure>\n\n\n\n<figure class=\"wp-block-image size-full is-style-rounded\"><img loading=\"lazy\" decoding=\"async\" width=\"1152\" height=\"2048\" data-id=\"236\" src=\"https:\/\/lavage-auto13.fr\/wp-content\/uploads\/2025\/11\/redonne-vie-a-ton-vehicule.jpg\" alt=\"\" class=\"wp-image-236\" srcset=\"https:\/\/lavage-auto13.fr\/wp-content\/uploads\/2025\/11\/redonne-vie-a-ton-vehicule.jpg 1152w, https:\/\/lavage-auto13.fr\/wp-content\/uploads\/2025\/11\/redonne-vie-a-ton-vehicule-169x300.jpg 169w, https:\/\/lavage-auto13.fr\/wp-content\/uploads\/2025\/11\/redonne-vie-a-ton-vehicule-576x1024.jpg 576w, https:\/\/lavage-auto13.fr\/wp-content\/uploads\/2025\/11\/redonne-vie-a-ton-vehicule-768x1365.jpg 768w, https:\/\/lavage-auto13.fr\/wp-content\/uploads\/2025\/11\/redonne-vie-a-ton-vehicule-864x1536.jpg 864w\" sizes=\"auto, (max-width: 1152px) 100vw, 1152px\" \/><figcaption class=\"wp-element-caption\">AVANT<\/figcaption><\/figure>\n\n\n\n<figure class=\"wp-block-image size-full\"><img loading=\"lazy\" decoding=\"async\" width=\"1152\" height=\"2048\" data-id=\"235\" src=\"https:\/\/lavage-auto13.fr\/wp-content\/uploads\/2025\/11\/nettoyage-auto-interieur.jpg\" alt=\"\" class=\"wp-image-235\" srcset=\"https:\/\/lavage-auto13.fr\/wp-content\/uploads\/2025\/11\/nettoyage-auto-interieur.jpg 1152w, https:\/\/lavage-auto13.fr\/wp-content\/uploads\/2025\/11\/nettoyage-auto-interieur-169x300.jpg 169w, https:\/\/lavage-auto13.fr\/wp-content\/uploads\/2025\/11\/nettoyage-auto-interieur-576x1024.jpg 576w, https:\/\/lavage-auto13.fr\/wp-content\/uploads\/2025\/11\/nettoyage-auto-interieur-768x1365.jpg 768w, https:\/\/lavage-auto13.fr\/wp-content\/uploads\/2025\/11\/nettoyage-auto-interieur-864x1536.jpg 864w\" sizes=\"auto, (max-width: 1152px) 100vw, 1152px\" \/><figcaption class=\"wp-element-caption\">APRES<\/figcaption><\/figure>\n<\/figure>\n\n\n\n<hr class=\"wp-block-separator has-alpha-channel-opacity\"\/>\n\n\n\n<p class=\"has-text-align-center\">Faites appel \u00e0 mes services pour un nettoyage complet de votre v\u00e9hicule.<\/p>\n\n\n\n<p>Vous venez d&rsquo;acheter un v\u00e9hicule et vous souhaitez le remettre \u00e0 neuf, un \u00e9v\u00e8nement proche qui demande un v\u00e9hicule impeccable, ou tout simplement le d\u00e9sir de mettre un coup de jeunesse \u00e0 votre voiture, fixons rendez vous !<\/p>\n\n\n\n<p>A votre domicile ou sur votre lieu de travail, une prestation de qualit\u00e9 pour rendre votre v\u00e9hicule parfaitement propre ! Lavage int\u00e9rieur et\/ou ext\u00e9rieur. <\/p>\n\n\n\n<hr class=\"wp-block-separator has-alpha-channel-opacity\"\/>\n\n\n\n<blockquote class=\"wp-block-quote is-layout-flow wp-block-quote-is-layout-flow\">\n<blockquote class=\"wp-block-quote is-layout-flow wp-block-quote-is-layout-flow\">\n<p class=\"has-text-align-center\"><strong><em>Du mat\u00e9riel et des produits professionnels de qualit\u00e9 &#8211; Le go\u00fbt du bien fait<\/em><\/strong><\/p>\n<\/blockquote>\n<\/blockquote>\n\n\n\n<figure class=\"wp-block-gallery has-nested-images columns-default is-cropped wp-block-gallery-2 is-layout-flex wp-block-gallery-is-layout-flex\">\n<figure class=\"wp-block-image size-full\"><img loading=\"lazy\" decoding=\"async\" width=\"225\" height=\"225\" data-id=\"251\" src=\"https:\/\/lavage-auto13.fr\/wp-content\/uploads\/2025\/11\/telechargement-1.jpg\" alt=\"\" class=\"wp-image-251\" srcset=\"https:\/\/lavage-auto13.fr\/wp-content\/uploads\/2025\/11\/telechargement-1.jpg 225w, https:\/\/lavage-auto13.fr\/wp-content\/uploads\/2025\/11\/telechargement-1-150x150.jpg 150w\" sizes=\"auto, (max-width: 225px) 100vw, 225px\" \/><\/figure>\n\n\n\n<figure class=\"wp-block-image size-full\"><img loading=\"lazy\" decoding=\"async\" width=\"225\" height=\"225\" data-id=\"250\" src=\"https:\/\/lavage-auto13.fr\/wp-content\/uploads\/2025\/11\/telechargement.jpg\" alt=\"\" class=\"wp-image-250\" srcset=\"https:\/\/lavage-auto13.fr\/wp-content\/uploads\/2025\/11\/telechargement.jpg 225w, https:\/\/lavage-auto13.fr\/wp-content\/uploads\/2025\/11\/telechargement-150x150.jpg 150w\" sizes=\"auto, (max-width: 225px) 100vw, 225px\" \/><\/figure>\n\n\n\n<figure class=\"wp-block-image size-thumbnail\"><img loading=\"lazy\" decoding=\"async\" width=\"150\" height=\"150\" data-id=\"253\" src=\"https:\/\/lavage-auto13.fr\/wp-content\/uploads\/2025\/11\/images-150x150.jpg\" alt=\"\" class=\"wp-image-253\" srcset=\"https:\/\/lavage-auto13.fr\/wp-content\/uploads\/2025\/11\/images-150x150.jpg 150w, https:\/\/lavage-auto13.fr\/wp-content\/uploads\/2025\/11\/images.jpg 225w\" sizes=\"auto, (max-width: 150px) 100vw, 150px\" \/><\/figure>\n<\/figure>\n\n\n\n<hr class=\"wp-block-separator has-alpha-channel-opacity\"\/>\n\n\n\n<p class=\"has-text-align-center has-ast-global-color-6-background-color has-background has-medium-font-size\"><strong>Nettoyage complet int\u00e9rieur voiture \u00e0 domicile<\/strong><\/p>\n\n\n\n<p class=\"has-text-align-center has-ast-global-color-4-background-color has-background has-medium-font-size\"><strong>Avec ou sans pressing si\u00e8ges et moquettes<\/strong><\/p>\n\n\n\n<p class=\"has-text-align-center has-ast-global-color-6-background-color has-background has-medium-font-size\"><strong>La Ciotat &#8211; Aubagne et ses alentours<\/strong><\/p>\n\n\n\n<p class=\"has-text-align-center has-ast-global-color-4-background-color has-background has-medium-font-size\"><strong>Facture et devis possible<\/strong><\/p>\n\n\n\n<hr class=\"wp-block-separator has-alpha-channel-opacity\"\/>\n\n\n\n<ul class=\"wp-block-list\"><\/ul>\n\n\n\n<h2 class=\"wp-block-heading has-text-align-center has-ast-global-color-5-color has-midnight-gradient-background has-text-color has-background has-link-color wp-elements-8eee63999642b62cb8cd7dda29fb68ac\"><a href=\"https:\/\/www.facebook.com\/lavageautomobile13\">Suivez-moi sur Facebook<\/a><\/h2>\n\n\n\n<p><\/p>\n","protected":false},"excerpt":{"rendered":"<p>A domicile ou sur votre lieu de travail &#8211; Un travail de Pro ! Pour particuliers et professionnels avec plus de 2 ans d&rsquo;exp\u00e9rience ! Faites appel \u00e0 mes services pour un nettoyage complet de votre v\u00e9hicule. Vous venez d&rsquo;acheter un v\u00e9hicule et vous souhaitez le remettre \u00e0 neuf, un \u00e9v\u00e8nement proche qui demande un [&hellip;]<\/p>\n","protected":false},"author":1,"featured_media":34,"parent":0,"menu_order":0,"comment_status":"closed","ping_status":"closed","template":"","meta":{"om_disable_all_campaigns":false,"_monsterinsights_skip_tracking":false,"_monsterinsights_sitenote_active":false,"_monsterinsights_sitenote_note":"","_monsterinsights_sitenote_category":0,"_uf_show_specific_survey":0,"_uf_disable_surveys":false,"site-sidebar-layout":"default","site-content-layout":"","ast-site-content-layout":"full-width-container","site-content-style":"boxed","site-sidebar-style":"default","ast-global-header-display":"","ast-banner-title-visibility":"","ast-main-header-display":"","ast-hfb-above-header-display":"","ast-hfb-below-header-display":"","ast-hfb-mobile-header-display":"","site-post-title":"disabled","ast-breadcrumbs-content":"","ast-featured-img":"disabled","footer-sml-layout":"","ast-disable-related-posts":"","theme-transparent-header-meta":"","adv-header-id-meta":"","stick-header-meta":"","header-above-stick-meta":"","header-main-stick-meta":"","header-below-stick-meta":"","astra-migrate-meta-layouts":"set","ast-page-background-enabled":"default","ast-page-background-meta":{"desktop":{"background-color":"var(--ast-global-color-4)","background-image":"","background-repeat":"repeat","background-position":"center center","background-size":"auto","background-attachment":"scroll","background-type":"","background-media":"","overlay-type":"","overlay-color":"","overlay-opacity":"","overlay-gradient":""},"tablet":{"background-color":"","background-image":"","background-repeat":"repeat","background-position":"center center","background-size":"auto","background-attachment":"scroll","background-type":"","background-media":"","overlay-type":"","overlay-color":"","overlay-opacity":"","overlay-gradient":""},"mobile":{"background-color":"","background-image":"","background-repeat":"repeat","background-position":"center center","background-size":"auto","background-attachment":"scroll","background-type":"","background-media":"","overlay-type":"","overlay-color":"","overlay-opacity":"","overlay-gradient":""}},"ast-content-background-meta":{"desktop":{"background-color":"var(--ast-global-color-5)","background-image":"","background-repeat":"repeat","background-position":"center center","background-size":"auto","background-attachment":"scroll","background-type":"","background-media":"","overlay-type":"","overlay-color":"","overlay-opacity":"","overlay-gradient":""},"tablet":{"background-color":"var(--ast-global-color-5)","background-image":"","background-repeat":"repeat","background-position":"center center","background-size":"auto","background-attachment":"scroll","background-type":"","background-media":"","overlay-type":"","overlay-color":"","overlay-opacity":"","overlay-gradient":""},"mobile":{"background-color":"var(--ast-global-color-5)","background-image":"","background-repeat":"repeat","background-position":"center center","background-size":"auto","background-attachment":"scroll","background-type":"","background-media":"","overlay-type":"","overlay-color":"","overlay-opacity":"","overlay-gradient":""}},"footnotes":""},"class_list":["post-44","page","type-page","status-publish","has-post-thumbnail","hentry"],"yoast_head":"<!-- This site is optimized with the Yoast SEO plugin v27.3 - https:\/\/yoast.com\/product\/yoast-seo-wordpress\/ -->\n<title>Nettoyage int\u00e9rieur de votre v\u00e9hicule - Lavage Auto 13<\/title>\n<meta name=\"robots\" content=\"index, follow, max-snippet:-1, max-image-preview:large, max-video-preview:-1\" \/>\n<link rel=\"canonical\" href=\"https:\/\/lavage-auto13.fr\/\" \/>\n<meta property=\"og:locale\" content=\"fr_FR\" \/>\n<meta property=\"og:type\" content=\"article\" \/>\n<meta property=\"og:title\" content=\"Nettoyage int\u00e9rieur de votre v\u00e9hicule - Lavage Auto 13\" \/>\n<meta property=\"og:description\" content=\"A domicile ou sur votre lieu de travail &#8211; Un travail de Pro ! Pour particuliers et professionnels avec plus de 2 ans d&rsquo;exp\u00e9rience ! Faites appel \u00e0 mes services pour un nettoyage complet de votre v\u00e9hicule. Vous venez d&rsquo;acheter un v\u00e9hicule et vous souhaitez le remettre \u00e0 neuf, un \u00e9v\u00e8nement proche qui demande un [&hellip;]\" \/>\n<meta property=\"og:url\" content=\"https:\/\/lavage-auto13.fr\/\" \/>\n<meta property=\"og:site_name\" content=\"Lavage Auto 13\" \/>\n<meta property=\"article:modified_time\" content=\"2025-12-01T15:04:59+00:00\" \/>\n<meta property=\"og:image\" content=\"https:\/\/lavage-auto13.fr\/wp-content\/uploads\/2023\/07\/nettoyer-plastique-voiture-071817-1.jpg\" \/>\n\t<meta property=\"og:image:width\" content=\"650\" \/>\n\t<meta property=\"og:image:height\" content=\"325\" \/>\n\t<meta property=\"og:image:type\" content=\"image\/jpeg\" \/>\n<meta name=\"twitter:card\" content=\"summary_large_image\" \/>\n<meta name=\"twitter:label1\" content=\"Dur\u00e9e de lecture estim\u00e9e\" \/>\n\t<meta name=\"twitter:data1\" content=\"3 minutes\" \/>\n<script type=\"application\/ld+json\" class=\"yoast-schema-graph\">{\"@context\":\"https:\\\/\\\/schema.org\",\"@graph\":[{\"@type\":\"WebPage\",\"@id\":\"https:\\\/\\\/lavage-auto13.fr\\\/\",\"url\":\"https:\\\/\\\/lavage-auto13.fr\\\/\",\"name\":\"Nettoyage int\u00e9rieur de votre v\u00e9hicule - Lavage Auto 13\",\"isPartOf\":{\"@id\":\"https:\\\/\\\/lavage-auto13.fr\\\/#website\"},\"primaryImageOfPage\":{\"@id\":\"https:\\\/\\\/lavage-auto13.fr\\\/#primaryimage\"},\"image\":{\"@id\":\"https:\\\/\\\/lavage-auto13.fr\\\/#primaryimage\"},\"thumbnailUrl\":\"https:\\\/\\\/lavage-auto13.fr\\\/wp-content\\\/uploads\\\/2023\\\/07\\\/nettoyer-plastique-voiture-071817-1.jpg\",\"datePublished\":\"2023-07-20T15:06:25+00:00\",\"dateModified\":\"2025-12-01T15:04:59+00:00\",\"breadcrumb\":{\"@id\":\"https:\\\/\\\/lavage-auto13.fr\\\/#breadcrumb\"},\"inLanguage\":\"fr-FR\",\"potentialAction\":[{\"@type\":\"ReadAction\",\"target\":[\"https:\\\/\\\/lavage-auto13.fr\\\/\"]}]},{\"@type\":\"ImageObject\",\"inLanguage\":\"fr-FR\",\"@id\":\"https:\\\/\\\/lavage-auto13.fr\\\/#primaryimage\",\"url\":\"https:\\\/\\\/lavage-auto13.fr\\\/wp-content\\\/uploads\\\/2023\\\/07\\\/nettoyer-plastique-voiture-071817-1.jpg\",\"contentUrl\":\"https:\\\/\\\/lavage-auto13.fr\\\/wp-content\\\/uploads\\\/2023\\\/07\\\/nettoyer-plastique-voiture-071817-1.jpg\",\"width\":650,\"height\":325},{\"@type\":\"BreadcrumbList\",\"@id\":\"https:\\\/\\\/lavage-auto13.fr\\\/#breadcrumb\",\"itemListElement\":[{\"@type\":\"ListItem\",\"position\":1,\"name\":\"Accueil\",\"item\":\"https:\\\/\\\/lavage-auto13.fr\\\/\"},{\"@type\":\"ListItem\",\"position\":2,\"name\":\"Nettoyage int\u00e9rieur de votre v\u00e9hicule\"}]},{\"@type\":\"WebSite\",\"@id\":\"https:\\\/\\\/lavage-auto13.fr\\\/#website\",\"url\":\"https:\\\/\\\/lavage-auto13.fr\\\/\",\"name\":\"lavage auto 13\",\"description\":\"Lavage professionnel \u00e0 domicile\",\"publisher\":{\"@id\":\"https:\\\/\\\/lavage-auto13.fr\\\/#organization\"},\"potentialAction\":[{\"@type\":\"SearchAction\",\"target\":{\"@type\":\"EntryPoint\",\"urlTemplate\":\"https:\\\/\\\/lavage-auto13.fr\\\/?s={search_term_string}\"},\"query-input\":{\"@type\":\"PropertyValueSpecification\",\"valueRequired\":true,\"valueName\":\"search_term_string\"}}],\"inLanguage\":\"fr-FR\"},{\"@type\":\"Organization\",\"@id\":\"https:\\\/\\\/lavage-auto13.fr\\\/#organization\",\"name\":\"lavage auto 13\",\"url\":\"https:\\\/\\\/lavage-auto13.fr\\\/\",\"logo\":{\"@type\":\"ImageObject\",\"inLanguage\":\"fr-FR\",\"@id\":\"https:\\\/\\\/lavage-auto13.fr\\\/#\\\/schema\\\/logo\\\/image\\\/\",\"url\":\"https:\\\/\\\/lavage-auto13.fr\\\/wp-content\\\/uploads\\\/2025\\\/01\\\/cropped-logo-omg-1.jpg\",\"contentUrl\":\"https:\\\/\\\/lavage-auto13.fr\\\/wp-content\\\/uploads\\\/2025\\\/01\\\/cropped-logo-omg-1.jpg\",\"width\":1358,\"height\":1153,\"caption\":\"lavage auto 13\"},\"image\":{\"@id\":\"https:\\\/\\\/lavage-auto13.fr\\\/#\\\/schema\\\/logo\\\/image\\\/\"}}]}<\/script>\n<!-- \/ Yoast SEO plugin. -->","yoast_head_json":{"title":"Nettoyage int\u00e9rieur de votre v\u00e9hicule - Lavage Auto 13","robots":{"index":"index","follow":"follow","max-snippet":"max-snippet:-1","max-image-preview":"max-image-preview:large","max-video-preview":"max-video-preview:-1"},"canonical":"https:\/\/lavage-auto13.fr\/","og_locale":"fr_FR","og_type":"article","og_title":"Nettoyage int\u00e9rieur de votre v\u00e9hicule - Lavage Auto 13","og_description":"A domicile ou sur votre lieu de travail &#8211; Un travail de Pro ! Pour particuliers et professionnels avec plus de 2 ans d&rsquo;exp\u00e9rience ! Faites appel \u00e0 mes services pour un nettoyage complet de votre v\u00e9hicule. Vous venez d&rsquo;acheter un v\u00e9hicule et vous souhaitez le remettre \u00e0 neuf, un \u00e9v\u00e8nement proche qui demande un [&hellip;]","og_url":"https:\/\/lavage-auto13.fr\/","og_site_name":"Lavage Auto 13","article_modified_time":"2025-12-01T15:04:59+00:00","og_image":[{"width":650,"height":325,"url":"https:\/\/lavage-auto13.fr\/wp-content\/uploads\/2023\/07\/nettoyer-plastique-voiture-071817-1.jpg","type":"image\/jpeg"}],"twitter_card":"summary_large_image","twitter_misc":{"Dur\u00e9e de lecture estim\u00e9e":"3 minutes"},"schema":{"@context":"https:\/\/schema.org","@graph":[{"@type":"WebPage","@id":"https:\/\/lavage-auto13.fr\/","url":"https:\/\/lavage-auto13.fr\/","name":"Nettoyage int\u00e9rieur de votre v\u00e9hicule - Lavage Auto 13","isPartOf":{"@id":"https:\/\/lavage-auto13.fr\/#website"},"primaryImageOfPage":{"@id":"https:\/\/lavage-auto13.fr\/#primaryimage"},"image":{"@id":"https:\/\/lavage-auto13.fr\/#primaryimage"},"thumbnailUrl":"https:\/\/lavage-auto13.fr\/wp-content\/uploads\/2023\/07\/nettoyer-plastique-voiture-071817-1.jpg","datePublished":"2023-07-20T15:06:25+00:00","dateModified":"2025-12-01T15:04:59+00:00","breadcrumb":{"@id":"https:\/\/lavage-auto13.fr\/#breadcrumb"},"inLanguage":"fr-FR","potentialAction":[{"@type":"ReadAction","target":["https:\/\/lavage-auto13.fr\/"]}]},{"@type":"ImageObject","inLanguage":"fr-FR","@id":"https:\/\/lavage-auto13.fr\/#primaryimage","url":"https:\/\/lavage-auto13.fr\/wp-content\/uploads\/2023\/07\/nettoyer-plastique-voiture-071817-1.jpg","contentUrl":"https:\/\/lavage-auto13.fr\/wp-content\/uploads\/2023\/07\/nettoyer-plastique-voiture-071817-1.jpg","width":650,"height":325},{"@type":"BreadcrumbList","@id":"https:\/\/lavage-auto13.fr\/#breadcrumb","itemListElement":[{"@type":"ListItem","position":1,"name":"Accueil","item":"https:\/\/lavage-auto13.fr\/"},{"@type":"ListItem","position":2,"name":"Nettoyage int\u00e9rieur de votre v\u00e9hicule"}]},{"@type":"WebSite","@id":"https:\/\/lavage-auto13.fr\/#website","url":"https:\/\/lavage-auto13.fr\/","name":"lavage auto 13","description":"Lavage professionnel \u00e0 domicile","publisher":{"@id":"https:\/\/lavage-auto13.fr\/#organization"},"potentialAction":[{"@type":"SearchAction","target":{"@type":"EntryPoint","urlTemplate":"https:\/\/lavage-auto13.fr\/?s={search_term_string}"},"query-input":{"@type":"PropertyValueSpecification","valueRequired":true,"valueName":"search_term_string"}}],"inLanguage":"fr-FR"},{"@type":"Organization","@id":"https:\/\/lavage-auto13.fr\/#organization","name":"lavage auto 13","url":"https:\/\/lavage-auto13.fr\/","logo":{"@type":"ImageObject","inLanguage":"fr-FR","@id":"https:\/\/lavage-auto13.fr\/#\/schema\/logo\/image\/","url":"https:\/\/lavage-auto13.fr\/wp-content\/uploads\/2025\/01\/cropped-logo-omg-1.jpg","contentUrl":"https:\/\/lavage-auto13.fr\/wp-content\/uploads\/2025\/01\/cropped-logo-omg-1.jpg","width":1358,"height":1153,"caption":"lavage auto 13"},"image":{"@id":"https:\/\/lavage-auto13.fr\/#\/schema\/logo\/image\/"}}]}},"_links":{"self":[{"href":"https:\/\/lavage-auto13.fr\/index.php\/wp-json\/wp\/v2\/pages\/44","targetHints":{"allow":["GET"]}}],"collection":[{"href":"https:\/\/lavage-auto13.fr\/index.php\/wp-json\/wp\/v2\/pages"}],"about":[{"href":"https:\/\/lavage-auto13.fr\/index.php\/wp-json\/wp\/v2\/types\/page"}],"author":[{"embeddable":true,"href":"https:\/\/lavage-auto13.fr\/index.php\/wp-json\/wp\/v2\/users\/1"}],"replies":[{"embeddable":true,"href":"https:\/\/lavage-auto13.fr\/index.php\/wp-json\/wp\/v2\/comments?post=44"}],"version-history":[{"count":40,"href":"https:\/\/lavage-auto13.fr\/index.php\/wp-json\/wp\/v2\/pages\/44\/revisions"}],"predecessor-version":[{"id":281,"href":"https:\/\/lavage-auto13.fr\/index.php\/wp-json\/wp\/v2\/pages\/44\/revisions\/281"}],"wp:featuredmedia":[{"embeddable":true,"href":"https:\/\/lavage-auto13.fr\/index.php\/wp-json\/wp\/v2\/media\/34"}],"wp:attachment":[{"href":"https:\/\/lavage-auto13.fr\/index.php\/wp-json\/wp\/v2\/media?parent=44"}],"curies":[{"name":"wp","href":"https:\/\/api.w.org\/{rel}","templated":true}]}}