{"id":80,"date":"2023-07-20T17:54:54","date_gmt":"2023-07-20T15:54:54","guid":{"rendered":"https:\/\/lavage-auto13.fr\/?page_id=80"},"modified":"2025-01-15T14:33:52","modified_gmt":"2025-01-15T13:33:52","slug":"tarifs-lavage-interieur","status":"publish","type":"page","link":"https:\/\/lavage-auto13.fr\/index.php\/tarifs-lavage-interieur\/","title":{"rendered":"Tarifs lavage Auto int\u00e9rieur"},"content":{"rendered":"\n<figure class=\"wp-block-image aligncenter size-large is-resized\"><img loading=\"lazy\" decoding=\"async\" width=\"1024\" height=\"1024\" src=\"https:\/\/lavage-auto13.fr\/wp-content\/uploads\/2025\/01\/1-1024x1024.png\" alt=\"\" class=\"wp-image-185\" srcset=\"https:\/\/lavage-auto13.fr\/wp-content\/uploads\/2025\/01\/1-1024x1024.png 1024w, https:\/\/lavage-auto13.fr\/wp-content\/uploads\/2025\/01\/1-300x300.png 300w, https:\/\/lavage-auto13.fr\/wp-content\/uploads\/2025\/01\/1-150x150.png 150w, https:\/\/lavage-auto13.fr\/wp-content\/uploads\/2025\/01\/1-768x768.png 768w, https:\/\/lavage-auto13.fr\/wp-content\/uploads\/2025\/01\/1.png 1080w\" sizes=\"auto, (max-width: 1024px) 100vw, 1024px\" \/><\/figure>\n\n\n\n<p>Le lavage de votre int\u00e9rieur de voiture  comprend le shampouinage des si\u00e8ges, moquettes, tissus des porti\u00e8res, coffre et plage arri\u00e8re. Du mat\u00e9riel adapt\u00e9 et produits professionnels pour un r\u00e9sultat parfait.  Cela concerne tous types d&rsquo;int\u00e9rieurs tissu, cuir, ska\u00ef. <\/p>\n\n\n\n<p class=\"has-text-align-center\"><strong><em>Utilisation d&rsquo;un extracteur professionnel<\/em><\/strong><\/p>\n\n\n\n<hr class=\"wp-block-separator has-alpha-channel-opacity\"\/>\n\n\n\n<div class=\"wp-block-group is-layout-constrained wp-block-group-is-layout-constrained\">\n<figure class=\"wp-block-gallery aligncenter has-nested-images columns-default is-cropped wp-block-gallery-1 is-layout-flex wp-block-gallery-is-layout-flex\">\n<figure class=\"wp-block-image size-large\"><img loading=\"lazy\" decoding=\"async\" width=\"768\" height=\"1024\" data-id=\"193\" src=\"https:\/\/lavage-auto13.fr\/wp-content\/uploads\/2025\/01\/lavage-auto-768x1024.jpg\" alt=\"\" class=\"wp-image-193\" srcset=\"https:\/\/lavage-auto13.fr\/wp-content\/uploads\/2025\/01\/lavage-auto-768x1024.jpg 768w, https:\/\/lavage-auto13.fr\/wp-content\/uploads\/2025\/01\/lavage-auto-225x300.jpg 225w, https:\/\/lavage-auto13.fr\/wp-content\/uploads\/2025\/01\/lavage-auto-1152x1536.jpg 1152w, https:\/\/lavage-auto13.fr\/wp-content\/uploads\/2025\/01\/lavage-auto.jpg 1536w\" sizes=\"auto, (max-width: 768px) 100vw, 768px\" \/><figcaption class=\"wp-element-caption\">Avant nettoyage<\/figcaption><\/figure>\n\n\n\n<figure class=\"wp-block-image size-large is-style-rounded\"><img loading=\"lazy\" decoding=\"async\" width=\"768\" height=\"1024\" data-id=\"195\" src=\"https:\/\/lavage-auto13.fr\/wp-content\/uploads\/2025\/01\/lavage-complet-voiture-768x1024.jpg\" alt=\"\" class=\"wp-image-195\" srcset=\"https:\/\/lavage-auto13.fr\/wp-content\/uploads\/2025\/01\/lavage-complet-voiture-768x1024.jpg 768w, https:\/\/lavage-auto13.fr\/wp-content\/uploads\/2025\/01\/lavage-complet-voiture-225x300.jpg 225w, https:\/\/lavage-auto13.fr\/wp-content\/uploads\/2025\/01\/lavage-complet-voiture-1152x1536.jpg 1152w, https:\/\/lavage-auto13.fr\/wp-content\/uploads\/2025\/01\/lavage-complet-voiture.jpg 1536w\" sizes=\"auto, (max-width: 768px) 100vw, 768px\" \/><figcaption class=\"wp-element-caption\">Avant<\/figcaption><\/figure>\n\n\n\n<figure class=\"wp-block-image size-large\"><img loading=\"lazy\" decoding=\"async\" width=\"768\" height=\"1024\" data-id=\"197\" src=\"https:\/\/lavage-auto13.fr\/wp-content\/uploads\/2025\/01\/mise-au-propre-interieur-voiture-768x1024.jpg\" alt=\"\" class=\"wp-image-197\" srcset=\"https:\/\/lavage-auto13.fr\/wp-content\/uploads\/2025\/01\/mise-au-propre-interieur-voiture-768x1024.jpg 768w, https:\/\/lavage-auto13.fr\/wp-content\/uploads\/2025\/01\/mise-au-propre-interieur-voiture-225x300.jpg 225w, https:\/\/lavage-auto13.fr\/wp-content\/uploads\/2025\/01\/mise-au-propre-interieur-voiture-1152x1536.jpg 1152w, https:\/\/lavage-auto13.fr\/wp-content\/uploads\/2025\/01\/mise-au-propre-interieur-voiture.jpg 1536w\" sizes=\"auto, (max-width: 768px) 100vw, 768px\" \/><figcaption class=\"wp-element-caption\">r\u00e9sultat apr\u00e8s pressing<\/figcaption><\/figure>\n\n\n\n<figure class=\"wp-block-image size-large\"><img loading=\"lazy\" decoding=\"async\" width=\"768\" height=\"1024\" data-id=\"198\" src=\"https:\/\/lavage-auto13.fr\/wp-content\/uploads\/2025\/01\/pressing-siege-voiture-768x1024.jpg\" alt=\"\" class=\"wp-image-198\" srcset=\"https:\/\/lavage-auto13.fr\/wp-content\/uploads\/2025\/01\/pressing-siege-voiture-768x1024.jpg 768w, https:\/\/lavage-auto13.fr\/wp-content\/uploads\/2025\/01\/pressing-siege-voiture-225x300.jpg 225w, https:\/\/lavage-auto13.fr\/wp-content\/uploads\/2025\/01\/pressing-siege-voiture-1152x1536.jpg 1152w, https:\/\/lavage-auto13.fr\/wp-content\/uploads\/2025\/01\/pressing-siege-voiture.jpg 1536w\" sizes=\"auto, (max-width: 768px) 100vw, 768px\" \/><\/figure>\n\n\n\n<figure class=\"wp-block-image size-large is-style-default\"><img loading=\"lazy\" decoding=\"async\" width=\"768\" height=\"1024\" data-id=\"200\" src=\"https:\/\/lavage-auto13.fr\/wp-content\/uploads\/2025\/01\/remise-a-neuf-de-votre-interieur-768x1024.jpg\" alt=\"\" class=\"wp-image-200\" srcset=\"https:\/\/lavage-auto13.fr\/wp-content\/uploads\/2025\/01\/remise-a-neuf-de-votre-interieur-768x1024.jpg 768w, https:\/\/lavage-auto13.fr\/wp-content\/uploads\/2025\/01\/remise-a-neuf-de-votre-interieur-225x300.jpg 225w, https:\/\/lavage-auto13.fr\/wp-content\/uploads\/2025\/01\/remise-a-neuf-de-votre-interieur-1152x1536.jpg 1152w, https:\/\/lavage-auto13.fr\/wp-content\/uploads\/2025\/01\/remise-a-neuf-de-votre-interieur.jpg 1536w\" sizes=\"auto, (max-width: 768px) 100vw, 768px\" \/><figcaption class=\"wp-element-caption\">Avant<\/figcaption><\/figure>\n\n\n\n<figure class=\"wp-block-image size-large is-style-rounded\"><img loading=\"lazy\" decoding=\"async\" width=\"768\" height=\"1024\" data-id=\"201\" src=\"https:\/\/lavage-auto13.fr\/wp-content\/uploads\/2025\/01\/resultat-pressing-interieur-voiture-768x1024.jpg\" alt=\"\" class=\"wp-image-201\" srcset=\"https:\/\/lavage-auto13.fr\/wp-content\/uploads\/2025\/01\/resultat-pressing-interieur-voiture-768x1024.jpg 768w, https:\/\/lavage-auto13.fr\/wp-content\/uploads\/2025\/01\/resultat-pressing-interieur-voiture-225x300.jpg 225w, https:\/\/lavage-auto13.fr\/wp-content\/uploads\/2025\/01\/resultat-pressing-interieur-voiture-1152x1536.jpg 1152w, https:\/\/lavage-auto13.fr\/wp-content\/uploads\/2025\/01\/resultat-pressing-interieur-voiture.jpg 1536w\" sizes=\"auto, (max-width: 768px) 100vw, 768px\" \/><figcaption class=\"wp-element-caption\">Apr\u00e8s<\/figcaption><\/figure>\n<\/figure>\n<\/div>\n\n\n\n<figure class=\"wp-block-gallery has-nested-images columns-default is-cropped wp-block-gallery-2 is-layout-flex wp-block-gallery-is-layout-flex\">\n<figure class=\"wp-block-image size-large is-style-rounded\"><img loading=\"lazy\" decoding=\"async\" width=\"768\" height=\"1024\" data-id=\"203\" src=\"https:\/\/lavage-auto13.fr\/wp-content\/uploads\/2025\/01\/shampoinage-automobile-768x1024.jpg\" alt=\"\" class=\"wp-image-203\" srcset=\"https:\/\/lavage-auto13.fr\/wp-content\/uploads\/2025\/01\/shampoinage-automobile-768x1024.jpg 768w, https:\/\/lavage-auto13.fr\/wp-content\/uploads\/2025\/01\/shampoinage-automobile-225x300.jpg 225w, https:\/\/lavage-auto13.fr\/wp-content\/uploads\/2025\/01\/shampoinage-automobile-1152x1536.jpg 1152w, https:\/\/lavage-auto13.fr\/wp-content\/uploads\/2025\/01\/shampoinage-automobile.jpg 1536w\" sizes=\"auto, (max-width: 768px) 100vw, 768px\" \/><figcaption class=\"wp-element-caption\">Avant<\/figcaption><\/figure>\n\n\n\n<figure class=\"wp-block-image size-large\"><img loading=\"lazy\" decoding=\"async\" width=\"768\" height=\"1024\" data-id=\"207\" src=\"https:\/\/lavage-auto13.fr\/wp-content\/uploads\/2025\/01\/nettoyage-auto-768x1024.jpg\" alt=\"\" class=\"wp-image-207\" srcset=\"https:\/\/lavage-auto13.fr\/wp-content\/uploads\/2025\/01\/nettoyage-auto-768x1024.jpg 768w, https:\/\/lavage-auto13.fr\/wp-content\/uploads\/2025\/01\/nettoyage-auto-225x300.jpg 225w, https:\/\/lavage-auto13.fr\/wp-content\/uploads\/2025\/01\/nettoyage-auto-1152x1536.jpg 1152w, https:\/\/lavage-auto13.fr\/wp-content\/uploads\/2025\/01\/nettoyage-auto.jpg 1536w\" sizes=\"auto, (max-width: 768px) 100vw, 768px\" \/><figcaption class=\"wp-element-caption\">Avant<\/figcaption><\/figure>\n\n\n\n<figure class=\"wp-block-image size-large\"><img loading=\"lazy\" decoding=\"async\" width=\"768\" height=\"1024\" data-id=\"204\" src=\"https:\/\/lavage-auto13.fr\/wp-content\/uploads\/2025\/01\/nettoyage-interieur-auto-768x1024.jpg\" alt=\"\" class=\"wp-image-204\" srcset=\"https:\/\/lavage-auto13.fr\/wp-content\/uploads\/2025\/01\/nettoyage-interieur-auto-768x1024.jpg 768w, https:\/\/lavage-auto13.fr\/wp-content\/uploads\/2025\/01\/nettoyage-interieur-auto-225x300.jpg 225w, https:\/\/lavage-auto13.fr\/wp-content\/uploads\/2025\/01\/nettoyage-interieur-auto-1152x1536.jpg 1152w, https:\/\/lavage-auto13.fr\/wp-content\/uploads\/2025\/01\/nettoyage-interieur-auto.jpg 1536w\" sizes=\"auto, (max-width: 768px) 100vw, 768px\" \/><figcaption class=\"wp-element-caption\">lavage complet int\u00e9rieur voiture<\/figcaption><\/figure>\n\n\n\n<figure class=\"wp-block-image size-large\"><img loading=\"lazy\" decoding=\"async\" width=\"768\" height=\"1024\" data-id=\"205\" src=\"https:\/\/lavage-auto13.fr\/wp-content\/uploads\/2025\/01\/voiture-comme-neuve-768x1024.jpg\" alt=\"\" class=\"wp-image-205\" srcset=\"https:\/\/lavage-auto13.fr\/wp-content\/uploads\/2025\/01\/voiture-comme-neuve-768x1024.jpg 768w, https:\/\/lavage-auto13.fr\/wp-content\/uploads\/2025\/01\/voiture-comme-neuve-225x300.jpg 225w, https:\/\/lavage-auto13.fr\/wp-content\/uploads\/2025\/01\/voiture-comme-neuve-1152x1536.jpg 1152w, https:\/\/lavage-auto13.fr\/wp-content\/uploads\/2025\/01\/voiture-comme-neuve.jpg 1536w\" sizes=\"auto, (max-width: 768px) 100vw, 768px\" \/><figcaption class=\"wp-element-caption\">Remise \u00e0 neuf de votre int\u00e9rieur voiture<\/figcaption><\/figure>\n\n\n\n<figure class=\"wp-block-image size-large\"><img loading=\"lazy\" decoding=\"async\" width=\"768\" height=\"1024\" data-id=\"211\" src=\"https:\/\/lavage-auto13.fr\/wp-content\/uploads\/2025\/01\/pressing-siege-auto-768x1024.jpg\" alt=\"\" class=\"wp-image-211\" srcset=\"https:\/\/lavage-auto13.fr\/wp-content\/uploads\/2025\/01\/pressing-siege-auto-768x1024.jpg 768w, https:\/\/lavage-auto13.fr\/wp-content\/uploads\/2025\/01\/pressing-siege-auto-225x300.jpg 225w, https:\/\/lavage-auto13.fr\/wp-content\/uploads\/2025\/01\/pressing-siege-auto-1152x1536.jpg 1152w, https:\/\/lavage-auto13.fr\/wp-content\/uploads\/2025\/01\/pressing-siege-auto.jpg 1536w\" sizes=\"auto, (max-width: 768px) 100vw, 768px\" \/><figcaption class=\"wp-element-caption\">Avant<\/figcaption><\/figure>\n\n\n\n<figure class=\"wp-block-image size-large is-style-rounded\"><img loading=\"lazy\" decoding=\"async\" width=\"768\" height=\"1024\" data-id=\"208\" src=\"https:\/\/lavage-auto13.fr\/wp-content\/uploads\/2025\/01\/nettoyage-complet-voiture-1-768x1024.jpg\" alt=\"\" class=\"wp-image-208\" srcset=\"https:\/\/lavage-auto13.fr\/wp-content\/uploads\/2025\/01\/nettoyage-complet-voiture-1-768x1024.jpg 768w, https:\/\/lavage-auto13.fr\/wp-content\/uploads\/2025\/01\/nettoyage-complet-voiture-1-225x300.jpg 225w, https:\/\/lavage-auto13.fr\/wp-content\/uploads\/2025\/01\/nettoyage-complet-voiture-1-1152x1536.jpg 1152w, https:\/\/lavage-auto13.fr\/wp-content\/uploads\/2025\/01\/nettoyage-complet-voiture-1.jpg 1536w\" sizes=\"auto, (max-width: 768px) 100vw, 768px\" \/><figcaption class=\"wp-element-caption\">Apr\u00e8s<\/figcaption><\/figure>\n<\/figure>\n\n\n\n<hr class=\"wp-block-separator has-alpha-channel-opacity\"\/>\n\n\n\n<p class=\"has-text-align-center\"><em><strong>Un suppl\u00e9ment de 15\u20ac peut vous \u00eatre demand\u00e9 si la voiture est vraiment tr\u00e8s sale<\/strong><\/em><\/p>\n\n\n\n<blockquote class=\"wp-block-quote is-layout-flow wp-block-quote-is-layout-flow\">\n<p><strong>Important : Nettoyage de voitures utilitaires, camionnettes, Pick up, et autre gros v\u00e9hicules demandant une intervention \u00e0 la journ\u00e9e (entre 7h et 8h de travail) &#8211; <em><mark style=\"background-color:var(--ast-global-color-4);color:#ee0909\" class=\"has-inline-color\">160\u20ac<\/mark><\/em><\/strong> lavage int\u00e9rieur et <mark style=\"background-color:rgba(0, 0, 0, 0);color:#fb0202\" class=\"has-inline-color\"><strong><em>190\u20ac<\/em><\/strong><\/mark> pour lavage int\u00e9rieur et ext\u00e9rieur<\/p>\n<\/blockquote>\n","protected":false},"excerpt":{"rendered":"<p>Le lavage de votre int\u00e9rieur de voiture comprend le shampouinage des si\u00e8ges, moquettes, tissus des porti\u00e8res, coffre et plage arri\u00e8re. Du mat\u00e9riel adapt\u00e9 et produits professionnels pour un r\u00e9sultat parfait. Cela concerne tous types d&rsquo;int\u00e9rieurs tissu, cuir, ska\u00ef. Utilisation d&rsquo;un extracteur professionnel Un suppl\u00e9ment de 15\u20ac peut vous \u00eatre demand\u00e9 si la voiture est vraiment [&hellip;]<\/p>\n","protected":false},"author":1,"featured_media":0,"parent":0,"menu_order":0,"comment_status":"closed","ping_status":"closed","template":"","meta":{"om_disable_all_campaigns":false,"_monsterinsights_skip_tracking":false,"_monsterinsights_sitenote_active":false,"_monsterinsights_sitenote_note":"","_monsterinsights_sitenote_category":0,"_uf_show_specific_survey":0,"_uf_disable_surveys":false,"site-sidebar-layout":"default","site-content-layout":"","ast-site-content-layout":"default","site-content-style":"default","site-sidebar-style":"default","ast-global-header-display":"","ast-banner-title-visibility":"","ast-main-header-display":"","ast-hfb-above-header-display":"","ast-hfb-below-header-display":"","ast-hfb-mobile-header-display":"","site-post-title":"","ast-breadcrumbs-content":"","ast-featured-img":"","footer-sml-layout":"","ast-disable-related-posts":"","theme-transparent-header-meta":"","adv-header-id-meta":"","stick-header-meta":"","header-above-stick-meta":"","header-main-stick-meta":"","header-below-stick-meta":"","astra-migrate-meta-layouts":"set","ast-page-background-enabled":"default","ast-page-background-meta":{"desktop":{"background-color":"var(--ast-global-color-4)","background-image":"","background-repeat":"repeat","background-position":"center center","background-size":"auto","background-attachment":"scroll","background-type":"","background-media":"","overlay-type":"","overlay-color":"","overlay-opacity":"","overlay-gradient":""},"tablet":{"background-color":"","background-image":"","background-repeat":"repeat","background-position":"center center","background-size":"auto","background-attachment":"scroll","background-type":"","background-media":"","overlay-type":"","overlay-color":"","overlay-opacity":"","overlay-gradient":""},"mobile":{"background-color":"","background-image":"","background-repeat":"repeat","background-position":"center center","background-size":"auto","background-attachment":"scroll","background-type":"","background-media":"","overlay-type":"","overlay-color":"","overlay-opacity":"","overlay-gradient":""}},"ast-content-background-meta":{"desktop":{"background-color":"var(--ast-global-color-5)","background-image":"","background-repeat":"repeat","background-position":"center center","background-size":"auto","background-attachment":"scroll","background-type":"","background-media":"","overlay-type":"","overlay-color":"","overlay-opacity":"","overlay-gradient":""},"tablet":{"background-color":"var(--ast-global-color-5)","background-image":"","background-repeat":"repeat","background-position":"center center","background-size":"auto","background-attachment":"scroll","background-type":"","background-media":"","overlay-type":"","overlay-color":"","overlay-opacity":"","overlay-gradient":""},"mobile":{"background-color":"var(--ast-global-color-5)","background-image":"","background-repeat":"repeat","background-position":"center center","background-size":"auto","background-attachment":"scroll","background-type":"","background-media":"","overlay-type":"","overlay-color":"","overlay-opacity":"","overlay-gradient":""}},"footnotes":""},"class_list":["post-80","page","type-page","status-publish","hentry"],"yoast_head":"<!-- This site is optimized with the Yoast SEO plugin v27.3 - https:\/\/yoast.com\/product\/yoast-seo-wordpress\/ -->\n<title>Tarifs lavage Auto int\u00e9rieur - Lavage Auto 13<\/title>\n<meta name=\"robots\" content=\"index, follow, max-snippet:-1, max-image-preview:large, max-video-preview:-1\" \/>\n<link rel=\"canonical\" href=\"https:\/\/lavage-auto13.fr\/index.php\/tarifs-lavage-interieur\/\" \/>\n<meta property=\"og:locale\" content=\"fr_FR\" \/>\n<meta property=\"og:type\" content=\"article\" \/>\n<meta property=\"og:title\" content=\"Tarifs lavage Auto int\u00e9rieur - Lavage Auto 13\" \/>\n<meta property=\"og:description\" content=\"Le lavage de votre int\u00e9rieur de voiture comprend le shampouinage des si\u00e8ges, moquettes, tissus des porti\u00e8res, coffre et plage arri\u00e8re. Du mat\u00e9riel adapt\u00e9 et produits professionnels pour un r\u00e9sultat parfait. Cela concerne tous types d&rsquo;int\u00e9rieurs tissu, cuir, ska\u00ef. Utilisation d&rsquo;un extracteur professionnel Un suppl\u00e9ment de 15\u20ac peut vous \u00eatre demand\u00e9 si la voiture est vraiment [&hellip;]\" \/>\n<meta property=\"og:url\" content=\"https:\/\/lavage-auto13.fr\/index.php\/tarifs-lavage-interieur\/\" \/>\n<meta property=\"og:site_name\" content=\"Lavage Auto 13\" \/>\n<meta property=\"article:modified_time\" content=\"2025-01-15T13:33:52+00:00\" \/>\n<meta property=\"og:image\" content=\"https:\/\/lavage-auto13.fr\/wp-content\/uploads\/2025\/01\/1.png\" \/>\n\t<meta property=\"og:image:width\" content=\"1080\" \/>\n\t<meta property=\"og:image:height\" content=\"1080\" \/>\n\t<meta property=\"og:image:type\" content=\"image\/png\" \/>\n<meta name=\"twitter:card\" content=\"summary_large_image\" \/>\n<meta name=\"twitter:label1\" content=\"Dur\u00e9e de lecture estim\u00e9e\" \/>\n\t<meta name=\"twitter:data1\" content=\"4 minutes\" \/>\n<script type=\"application\/ld+json\" class=\"yoast-schema-graph\">{\"@context\":\"https:\\\/\\\/schema.org\",\"@graph\":[{\"@type\":\"WebPage\",\"@id\":\"https:\\\/\\\/lavage-auto13.fr\\\/index.php\\\/tarifs-lavage-interieur\\\/\",\"url\":\"https:\\\/\\\/lavage-auto13.fr\\\/index.php\\\/tarifs-lavage-interieur\\\/\",\"name\":\"Tarifs lavage Auto int\u00e9rieur - Lavage Auto 13\",\"isPartOf\":{\"@id\":\"https:\\\/\\\/lavage-auto13.fr\\\/#website\"},\"primaryImageOfPage\":{\"@id\":\"https:\\\/\\\/lavage-auto13.fr\\\/index.php\\\/tarifs-lavage-interieur\\\/#primaryimage\"},\"image\":{\"@id\":\"https:\\\/\\\/lavage-auto13.fr\\\/index.php\\\/tarifs-lavage-interieur\\\/#primaryimage\"},\"thumbnailUrl\":\"https:\\\/\\\/lavage-auto13.fr\\\/wp-content\\\/uploads\\\/2025\\\/01\\\/1-1024x1024.png\",\"datePublished\":\"2023-07-20T15:54:54+00:00\",\"dateModified\":\"2025-01-15T13:33:52+00:00\",\"breadcrumb\":{\"@id\":\"https:\\\/\\\/lavage-auto13.fr\\\/index.php\\\/tarifs-lavage-interieur\\\/#breadcrumb\"},\"inLanguage\":\"fr-FR\",\"potentialAction\":[{\"@type\":\"ReadAction\",\"target\":[\"https:\\\/\\\/lavage-auto13.fr\\\/index.php\\\/tarifs-lavage-interieur\\\/\"]}]},{\"@type\":\"ImageObject\",\"inLanguage\":\"fr-FR\",\"@id\":\"https:\\\/\\\/lavage-auto13.fr\\\/index.php\\\/tarifs-lavage-interieur\\\/#primaryimage\",\"url\":\"https:\\\/\\\/lavage-auto13.fr\\\/wp-content\\\/uploads\\\/2025\\\/01\\\/1.png\",\"contentUrl\":\"https:\\\/\\\/lavage-auto13.fr\\\/wp-content\\\/uploads\\\/2025\\\/01\\\/1.png\",\"width\":1080,\"height\":1080},{\"@type\":\"BreadcrumbList\",\"@id\":\"https:\\\/\\\/lavage-auto13.fr\\\/index.php\\\/tarifs-lavage-interieur\\\/#breadcrumb\",\"itemListElement\":[{\"@type\":\"ListItem\",\"position\":1,\"name\":\"Accueil\",\"item\":\"https:\\\/\\\/lavage-auto13.fr\\\/\"},{\"@type\":\"ListItem\",\"position\":2,\"name\":\"Tarifs lavage Auto int\u00e9rieur\"}]},{\"@type\":\"WebSite\",\"@id\":\"https:\\\/\\\/lavage-auto13.fr\\\/#website\",\"url\":\"https:\\\/\\\/lavage-auto13.fr\\\/\",\"name\":\"lavage auto 13\",\"description\":\"Lavage professionnel \u00e0 domicile\",\"publisher\":{\"@id\":\"https:\\\/\\\/lavage-auto13.fr\\\/#organization\"},\"potentialAction\":[{\"@type\":\"SearchAction\",\"target\":{\"@type\":\"EntryPoint\",\"urlTemplate\":\"https:\\\/\\\/lavage-auto13.fr\\\/?s={search_term_string}\"},\"query-input\":{\"@type\":\"PropertyValueSpecification\",\"valueRequired\":true,\"valueName\":\"search_term_string\"}}],\"inLanguage\":\"fr-FR\"},{\"@type\":\"Organization\",\"@id\":\"https:\\\/\\\/lavage-auto13.fr\\\/#organization\",\"name\":\"lavage auto 13\",\"url\":\"https:\\\/\\\/lavage-auto13.fr\\\/\",\"logo\":{\"@type\":\"ImageObject\",\"inLanguage\":\"fr-FR\",\"@id\":\"https:\\\/\\\/lavage-auto13.fr\\\/#\\\/schema\\\/logo\\\/image\\\/\",\"url\":\"https:\\\/\\\/lavage-auto13.fr\\\/wp-content\\\/uploads\\\/2025\\\/01\\\/cropped-logo-omg-1.jpg\",\"contentUrl\":\"https:\\\/\\\/lavage-auto13.fr\\\/wp-content\\\/uploads\\\/2025\\\/01\\\/cropped-logo-omg-1.jpg\",\"width\":1358,\"height\":1153,\"caption\":\"lavage auto 13\"},\"image\":{\"@id\":\"https:\\\/\\\/lavage-auto13.fr\\\/#\\\/schema\\\/logo\\\/image\\\/\"}}]}<\/script>\n<!-- \/ Yoast SEO plugin. -->","yoast_head_json":{"title":"Tarifs lavage Auto int\u00e9rieur - Lavage Auto 13","robots":{"index":"index","follow":"follow","max-snippet":"max-snippet:-1","max-image-preview":"max-image-preview:large","max-video-preview":"max-video-preview:-1"},"canonical":"https:\/\/lavage-auto13.fr\/index.php\/tarifs-lavage-interieur\/","og_locale":"fr_FR","og_type":"article","og_title":"Tarifs lavage Auto int\u00e9rieur - Lavage Auto 13","og_description":"Le lavage de votre int\u00e9rieur de voiture comprend le shampouinage des si\u00e8ges, moquettes, tissus des porti\u00e8res, coffre et plage arri\u00e8re. Du mat\u00e9riel adapt\u00e9 et produits professionnels pour un r\u00e9sultat parfait. Cela concerne tous types d&rsquo;int\u00e9rieurs tissu, cuir, ska\u00ef. Utilisation d&rsquo;un extracteur professionnel Un suppl\u00e9ment de 15\u20ac peut vous \u00eatre demand\u00e9 si la voiture est vraiment [&hellip;]","og_url":"https:\/\/lavage-auto13.fr\/index.php\/tarifs-lavage-interieur\/","og_site_name":"Lavage Auto 13","article_modified_time":"2025-01-15T13:33:52+00:00","og_image":[{"width":1080,"height":1080,"url":"https:\/\/lavage-auto13.fr\/wp-content\/uploads\/2025\/01\/1.png","type":"image\/png"}],"twitter_card":"summary_large_image","twitter_misc":{"Dur\u00e9e de lecture estim\u00e9e":"4 minutes"},"schema":{"@context":"https:\/\/schema.org","@graph":[{"@type":"WebPage","@id":"https:\/\/lavage-auto13.fr\/index.php\/tarifs-lavage-interieur\/","url":"https:\/\/lavage-auto13.fr\/index.php\/tarifs-lavage-interieur\/","name":"Tarifs lavage Auto int\u00e9rieur - Lavage Auto 13","isPartOf":{"@id":"https:\/\/lavage-auto13.fr\/#website"},"primaryImageOfPage":{"@id":"https:\/\/lavage-auto13.fr\/index.php\/tarifs-lavage-interieur\/#primaryimage"},"image":{"@id":"https:\/\/lavage-auto13.fr\/index.php\/tarifs-lavage-interieur\/#primaryimage"},"thumbnailUrl":"https:\/\/lavage-auto13.fr\/wp-content\/uploads\/2025\/01\/1-1024x1024.png","datePublished":"2023-07-20T15:54:54+00:00","dateModified":"2025-01-15T13:33:52+00:00","breadcrumb":{"@id":"https:\/\/lavage-auto13.fr\/index.php\/tarifs-lavage-interieur\/#breadcrumb"},"inLanguage":"fr-FR","potentialAction":[{"@type":"ReadAction","target":["https:\/\/lavage-auto13.fr\/index.php\/tarifs-lavage-interieur\/"]}]},{"@type":"ImageObject","inLanguage":"fr-FR","@id":"https:\/\/lavage-auto13.fr\/index.php\/tarifs-lavage-interieur\/#primaryimage","url":"https:\/\/lavage-auto13.fr\/wp-content\/uploads\/2025\/01\/1.png","contentUrl":"https:\/\/lavage-auto13.fr\/wp-content\/uploads\/2025\/01\/1.png","width":1080,"height":1080},{"@type":"BreadcrumbList","@id":"https:\/\/lavage-auto13.fr\/index.php\/tarifs-lavage-interieur\/#breadcrumb","itemListElement":[{"@type":"ListItem","position":1,"name":"Accueil","item":"https:\/\/lavage-auto13.fr\/"},{"@type":"ListItem","position":2,"name":"Tarifs lavage Auto int\u00e9rieur"}]},{"@type":"WebSite","@id":"https:\/\/lavage-auto13.fr\/#website","url":"https:\/\/lavage-auto13.fr\/","name":"lavage auto 13","description":"Lavage professionnel \u00e0 domicile","publisher":{"@id":"https:\/\/lavage-auto13.fr\/#organization"},"potentialAction":[{"@type":"SearchAction","target":{"@type":"EntryPoint","urlTemplate":"https:\/\/lavage-auto13.fr\/?s={search_term_string}"},"query-input":{"@type":"PropertyValueSpecification","valueRequired":true,"valueName":"search_term_string"}}],"inLanguage":"fr-FR"},{"@type":"Organization","@id":"https:\/\/lavage-auto13.fr\/#organization","name":"lavage auto 13","url":"https:\/\/lavage-auto13.fr\/","logo":{"@type":"ImageObject","inLanguage":"fr-FR","@id":"https:\/\/lavage-auto13.fr\/#\/schema\/logo\/image\/","url":"https:\/\/lavage-auto13.fr\/wp-content\/uploads\/2025\/01\/cropped-logo-omg-1.jpg","contentUrl":"https:\/\/lavage-auto13.fr\/wp-content\/uploads\/2025\/01\/cropped-logo-omg-1.jpg","width":1358,"height":1153,"caption":"lavage auto 13"},"image":{"@id":"https:\/\/lavage-auto13.fr\/#\/schema\/logo\/image\/"}}]}},"_links":{"self":[{"href":"https:\/\/lavage-auto13.fr\/index.php\/wp-json\/wp\/v2\/pages\/80","targetHints":{"allow":["GET"]}}],"collection":[{"href":"https:\/\/lavage-auto13.fr\/index.php\/wp-json\/wp\/v2\/pages"}],"about":[{"href":"https:\/\/lavage-auto13.fr\/index.php\/wp-json\/wp\/v2\/types\/page"}],"author":[{"embeddable":true,"href":"https:\/\/lavage-auto13.fr\/index.php\/wp-json\/wp\/v2\/users\/1"}],"replies":[{"embeddable":true,"href":"https:\/\/lavage-auto13.fr\/index.php\/wp-json\/wp\/v2\/comments?post=80"}],"version-history":[{"count":14,"href":"https:\/\/lavage-auto13.fr\/index.php\/wp-json\/wp\/v2\/pages\/80\/revisions"}],"predecessor-version":[{"id":214,"href":"https:\/\/lavage-auto13.fr\/index.php\/wp-json\/wp\/v2\/pages\/80\/revisions\/214"}],"wp:attachment":[{"href":"https:\/\/lavage-auto13.fr\/index.php\/wp-json\/wp\/v2\/media?parent=80"}],"curies":[{"name":"wp","href":"https:\/\/api.w.org\/{rel}","templated":true}]}}